{"id":115,"date":"2023-09-19T09:20:38","date_gmt":"2023-09-19T07:20:38","guid":{"rendered":"https:\/\/elpropietariologistica.com\/?page_id=115"},"modified":"2023-09-20T08:44:21","modified_gmt":"2023-09-20T06:44:21","slug":"politica-de-cookies","status":"publish","type":"page","link":"https:\/\/elpropietariologistica.com\/index.php\/politica-de-cookies\/","title":{"rendered":"Pol\u00edtica de cookies"},"content":{"rendered":"\n<p>El objetivo de esta pol\u00edtica es informar a los interesados acerca de las cookies que emplea esta p\u00e1gina web, de conformidad con lo establecido en la Ley 34\/2002, de 11 de julio, de Servicios de la Sociedad de la Informaci\u00f3n y de Comercio Electr\u00f3nico, y el Reglamento (UE) 2016\/679 del Parlamento Europeo y del Consejo de 27 de abril de 2016.<\/p>\n\n\n\n<p>USO DE COOKIES. \u00bfQU\u00c9 SON LAS COOKIES?<\/p>\n\n\n\n<p>Las cookies son ficheros que se descargan en su Ordenador, Smartphone o Tablet al acceder a determinadas p\u00e1ginas web. La utilizaci\u00f3n de cookies ofrece numerosas ventajas en la prestaci\u00f3n de servicios de la Sociedad de la Informaci\u00f3n, puesto que, entre otras:<\/p>\n\n\n\n<p>(a) facilita la navegaci\u00f3n del usuario en el Sitio Web;<\/p>\n\n\n\n<p>(b) facilita al usuario el acceso a los diferentes servicios que ofrece el Sitio Web;<\/p>\n\n\n\n<p>(c) evita al usuario volver a configurar las caracter\u00edsticas generales predefinidas cada vez que accede al Sitio Web;<\/p>\n\n\n\n<p>(d) favorece la mejora del funcionamiento y de los servicios prestados a trav\u00e9s del Sitio Web, tras el correspondiente an\u00e1lisis de la informaci\u00f3n obtenida a trav\u00e9s de las cookies instaladas;<\/p>\n\n\n\n<p>(e) permiten a un Sitio Web, entre otras cosas, almacenar y recuperar informaci\u00f3n sobre los h\u00e1bitos de navegaci\u00f3n de un usuario o de su equipo y, dependiendo de la informaci\u00f3n que contengan y de la forma en que utilice su equipo, pueden utilizarse para reconocer al usuario.<\/p>\n\n\n\n<p>La mayor\u00eda de los navegadores aceptan como est\u00e1ndar las cookies y, con independencia de las mismas, permiten o impiden en los ajustes de seguridad las cookies temporales o memorizadas.<\/p>\n\n\n\n<p>Tenga en cuenta que, para poder utilizar y contar con una mejor experiencia de navegaci\u00f3n, es necesario que tenga habilitadas las cookies, especialmente aquellas de car\u00e1cter t\u00e9cnico que resultan necesarias para que puedan identificarle como usuario registrado cada vez que acceda a la presente web.<\/p>\n\n\n\n<p>En caso de no querer recibir cookies, por favor, configure su navegador de internet, para que las borre del disco duro de su ordenador, las bloquee o le avise en su caso de instalaci\u00f3n de las mismas.<\/p>\n\n\n\n<p>\u00bfQU\u00c9 TIPOS DE COOKIES UTILIZA ESTA P\u00c1GINA WEB?<\/p>\n\n\n\n<p><strong>Cookies utilizadas en este sitio web<\/strong><\/p>\n\n\n\n<p>Siguiendo las directrices de la Agencia Espa\u00f1ola de Protecci\u00f3n de Datos, procedemos a detallar el uso de las cookies que esta p\u00e1gina web emplea, con el fin de proporcionarle la m\u00e1xima informaci\u00f3n posible.<\/p>\n\n\n\n<p><strong>Cookies Propias<\/strong><\/p>\n\n\n\n<p>Son aquellas que se env\u00edan al equipo terminal del usuario desde un equipo o dominio gestionado por el propio editor y desde el que se presta el servicio solicitado por el usuario.<\/p>\n\n\n\n<p>&nbsp;A continuaci\u00f3n, detallamos la lista de las cookies que utilizamos:<\/p>\n\n\n\n<figure class=\"wp-block-table\"><table><tbody><tr><td>Nombre<\/td><td>Tipo<\/td><td>Proveedor<\/td><td>Finalidad<\/td><td>Duraci\u00f3n<\/td><\/tr><tr><td><\/td><td><\/td><td><\/td><td><\/td><td><\/td><\/tr><\/tbody><\/table><\/figure>\n\n\n\n<p><strong>Cookies de terceros<\/strong><\/p>\n\n\n\n<p>Son aquellas que se env\u00edan al equipo terminal del usuario desde un equipo o dominio que no es gestionado por el editor, sino por otra entidad que trata los datos obtenidos a trav\u00e9s de las cookies.<\/p>\n\n\n\n<p>A continuaci\u00f3n, detallamos la lista de las cookies que utilizamos:<\/p>\n\n\n\n<figure class=\"wp-block-table\"><table><tbody><tr><td>Nombre<\/td><td>Tipo<\/td><td>Proveedor<\/td><td>Finalidad<\/td><td>Duraci\u00f3n<\/td><td>M\u00e1s info<a>.<\/a><\/td><\/tr><tr><td>__ga _ga* &nbsp;<\/td><td>Anal\u00edticas<\/td><td>Google<\/td><td>Sirven para analizar la experiencia de navegaci\u00f3n del usuario, y permitirnos mejorar nuestra WEB para adaptarnos a sus necesidades.<\/td><td>_ga: 1 a\u00f1o, 1 mes y 4 d\u00edas. _ga*: 1 a\u00f1o, 1 mes y 4 d\u00edas.<\/td><td><a href=\"https:\/\/support.google.com\/analytics\/answer\/6004245?hl=es\" target=\"_blank\" rel=\"noreferrer noopener\">Aqu\u00ed<\/a><\/td><\/tr><tr><td>cookieyes-consent<\/td><td>Necesarias<\/td><td>Cookie Yes<\/td><td>Se emplea para recordar las preferencias del usuario en lo que respecta al consentimiento de cookies.<\/td><td>1 a\u00f1o<\/td><td>&nbsp;<\/td><\/tr><tr><td>Elementor<\/td><td>Necesarias<\/td><td>Elementor<\/td><td>Cookie empleada por el tema de la web para adaptar el contenido en tiempo real.<\/td><td>Nunca<\/td><td>&nbsp;<\/td><\/tr><\/tbody><\/table><\/figure>\n\n\n\n<p>RADIOTRANSPORTES EL PROPIETARIO SL no se hace responsable, en ning\u00fan caso, ni del contenido ni de la veracidad de las pol\u00edticas y\/o condiciones de uso y privacidad de los terceros incluidos a trav\u00e9s de los enlaces en esta pol\u00edtica.<\/p>\n\n\n\n<p>CONSENTIMIENTO<\/p>\n\n\n\n<p>En relaci\u00f3n con la utilizaci\u00f3n de cookies de este sitio web, el usuario autoriza y consiente su uso de la siguiente forma:<\/p>\n\n\n\n<p>Cuando el usuario accede a cualquier p\u00e1gina de la web, ver\u00e1 un aviso donde se indica que la p\u00e1gina web de RADIOTRANSPORTES EL PROPIETARIO SL utiliza cookies, pudiendo el usuario aceptar o rechazar el uso de las mismas a trav\u00e9s del panel de configuraci\u00f3n. Al hacer clic en aceptar, usted acepta el uso de nuestras cookies y, en su caso, las de los terceros. A estos efectos, le indicamos que el panel de configuraci\u00f3n\/privacidad permite la posibilidad de aceptarlas o rechazarlas por tipolog\u00eda.<\/p>\n\n\n\n<p>PLAZOS O CRITERIOS DE CONSERVACI\u00d3N DE LOS DATOS<\/p>\n\n\n\n<p>Los datos obtenidos a trav\u00e9s del uso de las cookies por usted seleccionadas, ser\u00e1n conservados durante el tiempo necesario para cumplir con las finalidades para los que fueron recopilados y durante el periodo de tiempo establecido en el apartado \u00ab<em>QU\u00c9 TIPOS DE COOKIES UTILIZA ESTA P\u00c1GINA WEB<\/em>\u00bb de la presente pol\u00edtica, para cada una de las cookies instaladas en el dispositivo.<\/p>\n\n\n\n<p>C\u00d3MO BLOQUEAR REVOCAR O ELIMINAR LAS COOKIES INSTALADAS<\/p>\n\n\n\n<p>Puede usted permitir, bloquear, revocar o eliminar las cookies instaladas en su equipo mediante la configuraci\u00f3n de las opciones de su navegador. Puede encontrar informaci\u00f3n sobre c\u00f3mo hacerlo, en relaci\u00f3n con los navegadores m\u00e1s comunes, en los links que se incluyen a continuaci\u00f3n:<\/p>\n\n\n\n<ul class=\"wp-block-list\">\n<li>&nbsp;Explorer: <a href=\"https:\/\/support.microsoft.com\/es-es\/kb\/278835\" target=\"_blank\" rel=\"noreferrer noopener\">https:\/\/support.microsoft.com\/es-es\/kb\/278835<\/a><\/li>\n\n\n\n<li>&nbsp;Microsoft Edge: <a href=\"https:\/\/privacy.microsoft.com\/es-es\/windows-10-microsoft-edge-and-privacy\" target=\"_blank\" rel=\"noreferrer noopener\">https:\/\/privacy.microsoft.com\/es-es\/windows-10-microsoft-edge-and-privacy<\/a><\/li>\n\n\n\n<li>Chrome:<a href=\"http:\/\/support.google.com\/chrome\/bin\/answer.py?hl=es&amp;answer=95647\" target=\"_blank\" rel=\"noreferrer noopener\">https:\/\/support.google.com\/chrome\/answer\/95647?co=GENIE.Platform%3DDesktop&amp;hl=esttp:\/\/support.google.com\/chrome\/bin\/answer.py?hl=es&amp;answer=95647<\/a><\/li>\n\n\n\n<li>&nbsp;Firefox: <a href=\"http:\/\/support.mozilla.org\/es\/kb\/Borrar%20cookies\" target=\"_blank\" rel=\"noreferrer noopener\">http:\/\/support.mozilla.org\/es\/kb\/Borrar%20cookies<\/a><\/li>\n\n\n\n<li>&nbsp;Safari: <a href=\"http:\/\/support.apple.com\/kb\/ph5042\" target=\"_blank\" rel=\"noreferrer noopener\">http:\/\/support.apple.com\/kb\/ph5042<\/a>.<\/li>\n\n\n\n<li>&nbsp;Opera: <a href=\"https:\/\/help.opera.com\/en\/latest\/web-preferences\/#cookies\" target=\"_blank\" rel=\"noreferrer noopener\">https:\/\/help.opera.com\/en\/latest\/web-preferences\/#cookies<\/a><\/li>\n<\/ul>\n\n\n\n<p>Para poder revocar al cookies inicialmente aceptadas, haga clic en Revocar cookies<\/p>\n\n\n\n<p>DESTINATARIOS DE LA INFORMACI\u00d3N<\/p>\n\n\n\n<p>Le informamos de que las empresas colaboradoras detalladas en el Panel de Configuraci\u00f3n tienen acceso a la informaci\u00f3n obtenida a trav\u00e9s de las cookies del sitio web. Asimismo, le informamos de que algunos de nuestros proveedores, as\u00ed como empresas colaboradoras, pueden realizar transferencias a terceros pa\u00edses. A estos efectos, le recomendamos que visite sus respectivas pol\u00edticas de privacidad, las cuales se encuentran accesibles a trav\u00e9s de los enlaces facilitados en el Panel de Configuraci\u00f3n.<\/p>\n\n\n\n<p>MODIFICACIONES. ACTUALIZACI\u00d3N<\/p>\n\n\n\n<p>La presente pol\u00edtica de cookies puede verse modificada\/actualizada en funci\u00f3n de las exigencias legales establecidas o con la finalidad de adaptar dicha pol\u00edtica a las instrucciones dictadas por la Agencia Espa\u00f1ola de Protecci\u00f3n de Datos o por actualizaci\u00f3n de nuestro sitio web. Por esta raz\u00f3n, aconsejamos a los usuarios que visiten peri\u00f3dicamente nuestra pol\u00edtica de cookies.<\/p>\n\n\n\n<p><br>Si tiene dudas acerca de esta pol\u00edtica de cookies, puede contactar con RADIOTRANSPORTES EL PROPIETARIO SL a trav\u00e9s del siguiente correo electr\u00f3nico elpropietario@el-propietario.com<\/p>\n\n\n\n<p>Para obtener informaci\u00f3n adicional sobre el tratamiento de sus datos personales, acuda a nuestra <a href=\"https:\/\/elpropietariologistica.com\/index.php\/politica-de-privacidad\/\" target=\"_blank\" rel=\"noreferrer noopener\">Pol\u00edtica de Privacidad<\/a>.<\/p>\n","protected":false},"excerpt":{"rendered":"<p>El objetivo de esta pol\u00edtica es informar a los interesados acerca de las cookies que emplea esta p\u00e1gina web, de conformidad con lo establecido en la Ley 34\/2002, de 11 de julio, de Servicios de la Sociedad de la Informaci\u00f3n y de Comercio Electr\u00f3nico, y el Reglamento (UE) 2016\/679 del Parlamento Europeo y del Consejo [&hellip;]<\/p>\n","protected":false},"author":1,"featured_media":0,"parent":0,"menu_order":0,"comment_status":"closed","ping_status":"closed","template":"","meta":{"footnotes":""},"class_list":["post-115","page","type-page","status-publish","hentry"],"_links":{"self":[{"href":"https:\/\/elpropietariologistica.com\/index.php\/wp-json\/wp\/v2\/pages\/115","targetHints":{"allow":["GET"]}}],"collection":[{"href":"https:\/\/elpropietariologistica.com\/index.php\/wp-json\/wp\/v2\/pages"}],"about":[{"href":"https:\/\/elpropietariologistica.com\/index.php\/wp-json\/wp\/v2\/types\/page"}],"author":[{"embeddable":true,"href":"https:\/\/elpropietariologistica.com\/index.php\/wp-json\/wp\/v2\/users\/1"}],"replies":[{"embeddable":true,"href":"https:\/\/elpropietariologistica.com\/index.php\/wp-json\/wp\/v2\/comments?post=115"}],"version-history":[{"count":3,"href":"https:\/\/elpropietariologistica.com\/index.php\/wp-json\/wp\/v2\/pages\/115\/revisions"}],"predecessor-version":[{"id":166,"href":"https:\/\/elpropietariologistica.com\/index.php\/wp-json\/wp\/v2\/pages\/115\/revisions\/166"}],"wp:attachment":[{"href":"https:\/\/elpropietariologistica.com\/index.php\/wp-json\/wp\/v2\/media?parent=115"}],"curies":[{"name":"wp","href":"https:\/\/api.w.org\/{rel}","templated":true}]}}